{"id":4126,"date":"2025-11-18T10:56:53","date_gmt":"2025-11-18T04:56:53","guid":{"rendered":"https:\/\/rmu.edu.kg\/site\/?page_id=4126"},"modified":"2025-11-18T11:50:33","modified_gmt":"2025-11-18T05:50:33","slug":"how-to-apply-to-rmu-for-the-specialties-general-medicine-and-dentistry","status":"publish","type":"page","link":"https:\/\/rmu.edu.kg\/site\/en\/for-applicants\/how-to-apply-to-rmu-for-the-specialties-general-medicine-and-dentistry\/","title":{"rendered":"How to apply to RMU for the specialties &#8220;General Medicine&#8221; and &#8220;Dentistry&#8221;?"},"content":{"rendered":"<h4>Foreign nationals<\/h4>\n<p>International students can enroll in the 5-year programs of \u00abGeneral Medicine&#8217;\u00bb and \u00abDentistry\u00bb at our university.<\/p>\n<style>#sp-ea-4128 .spcollapsing { height: 0; overflow: hidden; transition-property: height;transition-duration: 300ms;}#sp-ea-4128.sp-easy-accordion>.sp-ea-single {margin-bottom: 10px; border: 1px solid #e2e2e2; }#sp-ea-4128.sp-easy-accordion>.sp-ea-single>.ea-header a {color: #444;}#sp-ea-4128.sp-easy-accordion>.sp-ea-single>.sp-collapse>.ea-body {background: #fff; color: #444;}#sp-ea-4128.sp-easy-accordion>.sp-ea-single {background: #eee;}#sp-ea-4128.sp-easy-accordion>.sp-ea-single>.ea-header a .ea-expand-icon { float: right; color: #444;font-size: 16px;}#sp-ea-4128.sp-easy-accordion>.sp-ea-single>.ea-header a .ea-expand-icon {margin-right: 0;}<\/style><div id=\"sp_easy_accordion-1763441840\"><div id=\"sp-ea-4128\" class=\"sp-ea-one sp-easy-accordion\" data-ea-active=\"ea-click\" data-ea-mode=\"vertical\" data-preloader=\"\" data-scroll-active-item=\"\" data-offset-to-scroll=\"0\"><div class=\"ea-card sp-ea-single\"><h4 class=\"ea-header\"><a class=\"collapsed\" id=\"ea-header-41280\" role=\"button\" data-sptoggle=\"spcollapse\" data-sptarget=\"#collapse41280\" aria-controls=\"collapse41280\" href=\"#\" aria-expanded=\"false\" tabindex=\"0\"><i aria-hidden=\"true\" role=\"presentation\" class=\"ea-expand-icon eap-icon-ea-expand-plus\"><\/i> Admission Requirements at Royal Metropolitan University<\/a><\/h4><div class=\"sp-collapse spcollapse spcollapse\" id=\"collapse41280\" data-parent=\"#sp-ea-4128\" role=\"region\" aria-labelledby=\"ea-header-41280\"> <div class=\"ea-body\"><p data-start=\"42\" data-end=\"168\">The educational institution Royal Metropolitan University\u00a0accepts foreign citizens who have completed full general secondary education (12 years).<\/p><p data-start=\"170\" data-end=\"634\">Registration of foreign applicants is carried out through the Automated Information System of the Ministry of Science, Higher Education and Innovation of the Kyrgyz Republic <strong data-start=\"325\" data-end=\"347\">\u201c\u0410\u0431\u0438\u0442\u0443\u0440\u0438\u0435\u043d\u0442 online\u201d<\/strong> at the website: <a class=\"decorated-link\" href=\"https:\/\/edugate.edu.gov.kg\/\" target=\"_new\" rel=\"noopener\" data-start=\"364\" data-end=\"391\">https:\/\/edugate.edu.gov.kg\/<\/a>. After successful registration, the applicant\u2019s documents are reviewed by RMU. If the applicant meets the requirements, a notification is sent to their email with a link to take the entrance examinations on the website: <a href=\"https:\/\/aisrmu.edu.kg\/\"><strong>aisrmu.edu.kg<\/strong>.<\/a><\/p><p data-start=\"636\" data-end=\"824\">Entrance examinations for the <strong data-start=\"666\" data-end=\"688\">\u201cGeneral Medicine\u201d<\/strong> program are conducted in the form of computer-based testing on the specified online platform or offline in the following core subjects:<\/p><ul data-start=\"826\" data-end=\"872\"><li data-start=\"826\" data-end=\"839\"><p data-start=\"828\" data-end=\"839\">Chemistry<\/p><\/li><li data-start=\"840\" data-end=\"851\"><p data-start=\"842\" data-end=\"851\">Biology<\/p><\/li><li data-start=\"852\" data-end=\"872\"><p data-start=\"854\" data-end=\"872\">English Language<\/p><\/li><\/ul><p data-start=\"874\" data-end=\"1086\">After successfully passing the entrance examinations and confirming the documents on <a class=\"decorated-link\" href=\"https:\/\/edugate.edu.gov.kg\/\" target=\"_new\" rel=\"noopener\" data-start=\"959\" data-end=\"986\">https:\/\/edugate.edu.gov.kg\/<\/a>, the applicant is directed to the <strong data-start=\"1021\" data-end=\"1050\">Student HR Department <\/strong>of RMU to complete the enrollment process.<\/p><\/div><\/div><\/div><div class=\"ea-card sp-ea-single\"><h4 class=\"ea-header\"><a class=\"collapsed\" id=\"ea-header-41281\" role=\"button\" data-sptoggle=\"spcollapse\" data-sptarget=\"#collapse41281\" aria-controls=\"collapse41281\" href=\"#\" aria-expanded=\"false\" tabindex=\"0\"><i aria-hidden=\"true\" role=\"presentation\" class=\"ea-expand-icon eap-icon-ea-expand-plus\"><\/i> List of Required Documents for Admission<\/a><\/h4><div class=\"sp-collapse spcollapse spcollapse\" id=\"collapse41281\" data-parent=\"#sp-ea-4128\" role=\"region\" aria-labelledby=\"ea-header-41281\"> <div class=\"ea-body\"><ul><li data-start=\"59\" data-end=\"100\">an application addressed to the Rector;<\/li><li data-start=\"103\" data-end=\"177\">the original and a copy of the passport with the appropriate entry visa;<\/li><li data-start=\"180\" data-end=\"292\">the original and a copy of the certificate of full secondary education (12 years) with a minimum score of 50%;<\/li><li data-start=\"295\" data-end=\"432\">a certificate from the Ministry of Science, Higher Education and Innovation of the Kyrgyz Republic confirming the equivalence of full secondary education;<\/li><li data-start=\"435\" data-end=\"541\">a medical certificate confirming that the applicant has no contraindications for studying in Kyrgyzstan;<\/li><li data-start=\"544\" data-end=\"685\">11 photographs with a white background (6 photos sized 3\u00d74 cm, 4 photos sized 3.5\u00d74.5 cm, and 1 photo in electronic format sized 3.5\u00d74.5 cm).<\/li><\/ul><\/div><\/div><\/div><div class=\"ea-card sp-ea-single\"><h4 class=\"ea-header\"><a class=\"collapsed\" id=\"ea-header-41282\" role=\"button\" data-sptoggle=\"spcollapse\" data-sptarget=\"#collapse41282\" aria-controls=\"collapse41282\" href=\"#\" aria-expanded=\"false\" tabindex=\"0\"><i aria-hidden=\"true\" role=\"presentation\" class=\"ea-expand-icon eap-icon-ea-expand-plus\"><\/i> Contact Information<\/a><\/h4><div class=\"sp-collapse spcollapse spcollapse\" id=\"collapse41282\" data-parent=\"#sp-ea-4128\" role=\"region\" aria-labelledby=\"ea-header-41282\"> <div class=\"ea-body\"><p><strong>Educational Institution \u201cRoyal Metropolitan University\u201d<\/strong><br \/>Address: 172 Moskovskaya St., Bishkek, Kyrgyz Republic<br \/>E-mail:\u00a0<a href=\"mailto:info@rmu.edu.kg\">info@rmu.edu.kg<\/a><\/p><p><strong>Admissions Consultant:<\/strong><br \/>Nazima Imashova<br \/>Phone: +996 776 087 069<\/p><p><strong>Official Representative: LLC \u201cEducational Advisor\u201d (Partner)<\/strong><br \/>Address: 172 Moskovskaya St., Bishkek, Kyrgyz Republic<br \/>Website:\u00a0<a href=\"http:\/\/www.educationaladvisor.kg\/\">http:\/\/www.educationaladvisor.kg\/<\/a><br \/>Phone: +996 (705) 496 605<br \/>E-mail:\u00a0<a href=\"mailto:info@educationaladvisor.kg\">info@educationaladvisor.kg<\/a><\/p><\/div><\/div><\/div><\/div><\/div>\n","protected":false},"excerpt":{"rendered":"<p>Foreign nationals International students can enroll in the 5-year programs of \u00abGeneral Medicine&#8217;\u00bb and \u00abDentistry\u00bb at our university.<\/p>\n","protected":false},"author":1,"featured_media":0,"parent":169,"menu_order":0,"comment_status":"closed","ping_status":"closed","template":"default-page.php","meta":{"_acf_changed":false,"inline_featured_image":false,"footnotes":""},"class_list":["post-4126","page","type-page","status-publish","hentry"],"acf":[],"yoast_head":"<!-- This site is optimized with the Yoast SEO plugin v27.3 - https:\/\/yoast.com\/product\/yoast-seo-wordpress\/ -->\n<title>How to apply to RMU for the specialties &quot;General Medicine&quot; and &quot;Dentistry&quot;? - Royal Metropolitan University<\/title>\n<meta name=\"robots\" content=\"index, follow, max-snippet:-1, max-image-preview:large, max-video-preview:-1\" \/>\n<link rel=\"canonical\" href=\"https:\/\/rmu.edu.kg\/site\/en\/for-applicants\/how-to-apply-to-rmu-for-the-specialties-general-medicine-and-dentistry\/\" \/>\n<meta property=\"og:locale\" content=\"en_US\" \/>\n<meta property=\"og:type\" content=\"article\" \/>\n<meta property=\"og:title\" content=\"How to apply to RMU for the specialties &quot;General Medicine&quot; and &quot;Dentistry&quot;? - Royal Metropolitan University\" \/>\n<meta property=\"og:description\" content=\"Foreign nationals International students can enroll in the 5-year programs of \u00abGeneral Medicine&#8217;\u00bb and \u00abDentistry\u00bb at our university.\" \/>\n<meta property=\"og:url\" content=\"https:\/\/rmu.edu.kg\/site\/en\/for-applicants\/how-to-apply-to-rmu-for-the-specialties-general-medicine-and-dentistry\/\" \/>\n<meta property=\"og:site_name\" content=\"Royal Metropolitan University\" \/>\n<meta property=\"article:modified_time\" content=\"2025-11-18T05:50:33+00:00\" \/>\n<meta name=\"twitter:card\" content=\"summary_large_image\" \/>\n<meta name=\"twitter:label1\" content=\"Est. reading time\" \/>\n\t<meta name=\"twitter:data1\" content=\"1 minute\" \/>\n<script type=\"application\/ld+json\" class=\"yoast-schema-graph\">{\"@context\":\"https:\\\/\\\/schema.org\",\"@graph\":[{\"@type\":\"WebPage\",\"@id\":\"https:\\\/\\\/rmu.edu.kg\\\/site\\\/en\\\/for-applicants\\\/how-to-apply-to-rmu-for-the-specialties-general-medicine-and-dentistry\\\/\",\"url\":\"https:\\\/\\\/rmu.edu.kg\\\/site\\\/en\\\/for-applicants\\\/how-to-apply-to-rmu-for-the-specialties-general-medicine-and-dentistry\\\/\",\"name\":\"How to apply to RMU for the specialties \\\"General Medicine\\\" and \\\"Dentistry\\\"? - Royal Metropolitan University\",\"isPartOf\":{\"@id\":\"https:\\\/\\\/rmu.edu.kg\\\/site\\\/#website\"},\"datePublished\":\"2025-11-18T04:56:53+00:00\",\"dateModified\":\"2025-11-18T05:50:33+00:00\",\"breadcrumb\":{\"@id\":\"https:\\\/\\\/rmu.edu.kg\\\/site\\\/en\\\/for-applicants\\\/how-to-apply-to-rmu-for-the-specialties-general-medicine-and-dentistry\\\/#breadcrumb\"},\"inLanguage\":\"en-US\",\"potentialAction\":[{\"@type\":\"ReadAction\",\"target\":[\"https:\\\/\\\/rmu.edu.kg\\\/site\\\/en\\\/for-applicants\\\/how-to-apply-to-rmu-for-the-specialties-general-medicine-and-dentistry\\\/\"]}]},{\"@type\":\"BreadcrumbList\",\"@id\":\"https:\\\/\\\/rmu.edu.kg\\\/site\\\/en\\\/for-applicants\\\/how-to-apply-to-rmu-for-the-specialties-general-medicine-and-dentistry\\\/#breadcrumb\",\"itemListElement\":[{\"@type\":\"ListItem\",\"position\":1,\"name\":\"Home\",\"item\":\"https:\\\/\\\/rmu.edu.kg\\\/site\\\/ru\\\/\"},{\"@type\":\"ListItem\",\"position\":2,\"name\":\"For Applicants\",\"item\":\"https:\\\/\\\/rmu.edu.kg\\\/site\\\/en\\\/for-applicants\\\/\"},{\"@type\":\"ListItem\",\"position\":3,\"name\":\"How to apply to RMU for the specialties &#8220;General Medicine&#8221; and &#8220;Dentistry&#8221;?\"}]},{\"@type\":\"WebSite\",\"@id\":\"https:\\\/\\\/rmu.edu.kg\\\/site\\\/#website\",\"url\":\"https:\\\/\\\/rmu.edu.kg\\\/site\\\/\",\"name\":\"Royal Metropolitan University\",\"description\":\"Global Medical Education Standards\",\"publisher\":{\"@id\":\"https:\\\/\\\/rmu.edu.kg\\\/site\\\/#organization\"},\"potentialAction\":[{\"@type\":\"SearchAction\",\"target\":{\"@type\":\"EntryPoint\",\"urlTemplate\":\"https:\\\/\\\/rmu.edu.kg\\\/site\\\/?s={search_term_string}\"},\"query-input\":{\"@type\":\"PropertyValueSpecification\",\"valueRequired\":true,\"valueName\":\"search_term_string\"}}],\"inLanguage\":\"en-US\"},{\"@type\":\"Organization\",\"@id\":\"https:\\\/\\\/rmu.edu.kg\\\/site\\\/#organization\",\"name\":\"Royal Metropolitan University\",\"url\":\"https:\\\/\\\/rmu.edu.kg\\\/site\\\/\",\"logo\":{\"@type\":\"ImageObject\",\"inLanguage\":\"en-US\",\"@id\":\"https:\\\/\\\/rmu.edu.kg\\\/site\\\/#\\\/schema\\\/logo\\\/image\\\/\",\"url\":\"https:\\\/\\\/rmu.edu.kg\\\/site\\\/wp-content\\\/uploads\\\/logo.svg\",\"contentUrl\":\"https:\\\/\\\/rmu.edu.kg\\\/site\\\/wp-content\\\/uploads\\\/logo.svg\",\"caption\":\"Royal Metropolitan University\"},\"image\":{\"@id\":\"https:\\\/\\\/rmu.edu.kg\\\/site\\\/#\\\/schema\\\/logo\\\/image\\\/\"}}]}<\/script>\n<!-- \/ Yoast SEO plugin. -->","yoast_head_json":{"title":"How to apply to RMU for the specialties \"General Medicine\" and \"Dentistry\"? - Royal Metropolitan University","robots":{"index":"index","follow":"follow","max-snippet":"max-snippet:-1","max-image-preview":"max-image-preview:large","max-video-preview":"max-video-preview:-1"},"canonical":"https:\/\/rmu.edu.kg\/site\/en\/for-applicants\/how-to-apply-to-rmu-for-the-specialties-general-medicine-and-dentistry\/","og_locale":"en_US","og_type":"article","og_title":"How to apply to RMU for the specialties \"General Medicine\" and \"Dentistry\"? - Royal Metropolitan University","og_description":"Foreign nationals International students can enroll in the 5-year programs of \u00abGeneral Medicine&#8217;\u00bb and \u00abDentistry\u00bb at our university.","og_url":"https:\/\/rmu.edu.kg\/site\/en\/for-applicants\/how-to-apply-to-rmu-for-the-specialties-general-medicine-and-dentistry\/","og_site_name":"Royal Metropolitan University","article_modified_time":"2025-11-18T05:50:33+00:00","twitter_card":"summary_large_image","twitter_misc":{"Est. reading time":"1 minute"},"schema":{"@context":"https:\/\/schema.org","@graph":[{"@type":"WebPage","@id":"https:\/\/rmu.edu.kg\/site\/en\/for-applicants\/how-to-apply-to-rmu-for-the-specialties-general-medicine-and-dentistry\/","url":"https:\/\/rmu.edu.kg\/site\/en\/for-applicants\/how-to-apply-to-rmu-for-the-specialties-general-medicine-and-dentistry\/","name":"How to apply to RMU for the specialties \"General Medicine\" and \"Dentistry\"? - Royal Metropolitan University","isPartOf":{"@id":"https:\/\/rmu.edu.kg\/site\/#website"},"datePublished":"2025-11-18T04:56:53+00:00","dateModified":"2025-11-18T05:50:33+00:00","breadcrumb":{"@id":"https:\/\/rmu.edu.kg\/site\/en\/for-applicants\/how-to-apply-to-rmu-for-the-specialties-general-medicine-and-dentistry\/#breadcrumb"},"inLanguage":"en-US","potentialAction":[{"@type":"ReadAction","target":["https:\/\/rmu.edu.kg\/site\/en\/for-applicants\/how-to-apply-to-rmu-for-the-specialties-general-medicine-and-dentistry\/"]}]},{"@type":"BreadcrumbList","@id":"https:\/\/rmu.edu.kg\/site\/en\/for-applicants\/how-to-apply-to-rmu-for-the-specialties-general-medicine-and-dentistry\/#breadcrumb","itemListElement":[{"@type":"ListItem","position":1,"name":"Home","item":"https:\/\/rmu.edu.kg\/site\/ru\/"},{"@type":"ListItem","position":2,"name":"For Applicants","item":"https:\/\/rmu.edu.kg\/site\/en\/for-applicants\/"},{"@type":"ListItem","position":3,"name":"How to apply to RMU for the specialties &#8220;General Medicine&#8221; and &#8220;Dentistry&#8221;?"}]},{"@type":"WebSite","@id":"https:\/\/rmu.edu.kg\/site\/#website","url":"https:\/\/rmu.edu.kg\/site\/","name":"Royal Metropolitan University","description":"Global Medical Education Standards","publisher":{"@id":"https:\/\/rmu.edu.kg\/site\/#organization"},"potentialAction":[{"@type":"SearchAction","target":{"@type":"EntryPoint","urlTemplate":"https:\/\/rmu.edu.kg\/site\/?s={search_term_string}"},"query-input":{"@type":"PropertyValueSpecification","valueRequired":true,"valueName":"search_term_string"}}],"inLanguage":"en-US"},{"@type":"Organization","@id":"https:\/\/rmu.edu.kg\/site\/#organization","name":"Royal Metropolitan University","url":"https:\/\/rmu.edu.kg\/site\/","logo":{"@type":"ImageObject","inLanguage":"en-US","@id":"https:\/\/rmu.edu.kg\/site\/#\/schema\/logo\/image\/","url":"https:\/\/rmu.edu.kg\/site\/wp-content\/uploads\/logo.svg","contentUrl":"https:\/\/rmu.edu.kg\/site\/wp-content\/uploads\/logo.svg","caption":"Royal Metropolitan University"},"image":{"@id":"https:\/\/rmu.edu.kg\/site\/#\/schema\/logo\/image\/"}}]}},"_links":{"self":[{"href":"https:\/\/rmu.edu.kg\/site\/wp-json\/wp\/v2\/pages\/4126","targetHints":{"allow":["GET"]}}],"collection":[{"href":"https:\/\/rmu.edu.kg\/site\/wp-json\/wp\/v2\/pages"}],"about":[{"href":"https:\/\/rmu.edu.kg\/site\/wp-json\/wp\/v2\/types\/page"}],"author":[{"embeddable":true,"href":"https:\/\/rmu.edu.kg\/site\/wp-json\/wp\/v2\/users\/1"}],"replies":[{"embeddable":true,"href":"https:\/\/rmu.edu.kg\/site\/wp-json\/wp\/v2\/comments?post=4126"}],"version-history":[{"count":3,"href":"https:\/\/rmu.edu.kg\/site\/wp-json\/wp\/v2\/pages\/4126\/revisions"}],"predecessor-version":[{"id":4132,"href":"https:\/\/rmu.edu.kg\/site\/wp-json\/wp\/v2\/pages\/4126\/revisions\/4132"}],"up":[{"embeddable":true,"href":"https:\/\/rmu.edu.kg\/site\/wp-json\/wp\/v2\/pages\/169"}],"wp:attachment":[{"href":"https:\/\/rmu.edu.kg\/site\/wp-json\/wp\/v2\/media?parent=4126"}],"curies":[{"name":"wp","href":"https:\/\/api.w.org\/{rel}","templated":true}]}}